{"id":19,"date":"2024-02-24T15:33:35","date_gmt":"2024-02-24T15:33:35","guid":{"rendered":"https:\/\/illuminati-headquarters.org\/?page_id=19"},"modified":"2025-08-11T00:36:25","modified_gmt":"2025-08-11T00:36:25","slug":"but-des-illuminati","status":"publish","type":"page","link":"https:\/\/xn--confrriedesilluminati-f5b.org\/index.php\/but-des-illuminati\/","title":{"rendered":"BUT DES ILLUMINATI"},"content":{"rendered":"\t\t<div data-elementor-type=\"wp-page\" data-elementor-id=\"19\" class=\"elementor elementor-19\" data-elementor-post-type=\"page\">\n\t\t\t\t<div class=\"elementor-element elementor-element-ab93797 e-con-full e-flex e-con e-parent\" data-id=\"ab93797\" data-element_type=\"container\" data-e-type=\"container\" data-settings=\"{&quot;background_background&quot;:&quot;classic&quot;}\">\n\t\t<div class=\"elementor-element elementor-element-6c4e84b e-flex e-con-boxed e-con e-child\" data-id=\"6c4e84b\" data-element_type=\"container\" data-e-type=\"container\">\n\t\t\t\t\t<div class=\"e-con-inner\">\n\t\t\t\t<div class=\"elementor-element elementor-element-f154a66 elementor-widget elementor-widget-spacer\" data-id=\"f154a66\" data-element_type=\"widget\" data-e-type=\"widget\" data-widget_type=\"spacer.default\">\n\t\t\t\t<div class=\"elementor-widget-container\">\n\t\t\t\t\t\t\t<div class=\"elementor-spacer\">\n\t\t\t<div class=\"elementor-spacer-inner\"><\/div>\n\t\t<\/div>\n\t\t\t\t\t\t<\/div>\n\t\t\t\t<\/div>\n\t\t\t\t<div class=\"elementor-element elementor-element-2e27b36 elementor-widget elementor-widget-spacer\" data-id=\"2e27b36\" data-element_type=\"widget\" data-e-type=\"widget\" data-widget_type=\"spacer.default\">\n\t\t\t\t<div class=\"elementor-widget-container\">\n\t\t\t\t\t\t\t<div class=\"elementor-spacer\">\n\t\t\t<div class=\"elementor-spacer-inner\"><\/div>\n\t\t<\/div>\n\t\t\t\t\t\t<\/div>\n\t\t\t\t<\/div>\n\t\t\t\t<div class=\"elementor-element elementor-element-35b305d elementor-widget elementor-widget-heading\" data-id=\"35b305d\" data-element_type=\"widget\" data-e-type=\"widget\" data-widget_type=\"heading.default\">\n\t\t\t\t<div class=\"elementor-widget-container\">\n\t\t\t\t\t<h2 class=\"elementor-heading-title elementor-size-default\">Objectif du quartier g\u00e9n\u00e9ral des Illuminati 666<\/h2>\t\t\t\t<\/div>\n\t\t\t\t<\/div>\n\t\t\t\t<div class=\"elementor-element elementor-element-de67917 elementor-align-center elementor-widget elementor-widget-button\" data-id=\"de67917\" data-element_type=\"widget\" data-e-type=\"widget\" data-widget_type=\"button.default\">\n\t\t\t\t<div class=\"elementor-widget-container\">\n\t\t\t\t\t\t\t\t\t<div class=\"elementor-button-wrapper\">\n\t\t\t\t\t<a class=\"elementor-button elementor-button-link elementor-size-xs elementor-animation-wobble-horizontal\" href=\"https:\/\/wa.me\/+447438765444\">\n\t\t\t\t\t\t<span class=\"elementor-button-content-wrapper\">\n\t\t\t\t\t\t\t\t\t<span class=\"elementor-button-text\">Inscrivez-vous aujourd'hui pour en savoir plus<\/span>\n\t\t\t\t\t<\/span>\n\t\t\t\t\t<\/a>\n\t\t\t\t<\/div>\n\t\t\t\t\t\t\t\t<\/div>\n\t\t\t\t<\/div>\n\t\t\t\t\t<\/div>\n\t\t\t\t<\/div>\n\t\t\t\t<\/div>\n\t\t\t\t<section class=\"elementor-section elementor-top-section elementor-element elementor-element-689bb8b8 elementor-section-boxed elementor-section-height-default elementor-section-height-default\" data-id=\"689bb8b8\" data-element_type=\"section\" data-e-type=\"section\" data-settings=\"{&quot;background_background&quot;:&quot;classic&quot;}\">\n\t\t\t\t\t\t\t<div class=\"elementor-background-overlay\"><\/div>\n\t\t\t\t\t\t\t<div class=\"elementor-container elementor-column-gap-default\">\n\t\t\t\t\t<div class=\"elementor-column elementor-col-100 elementor-top-column elementor-element elementor-element-210f4e7e\" data-id=\"210f4e7e\" data-element_type=\"column\" data-e-type=\"column\">\n\t\t\t<div class=\"elementor-widget-wrap elementor-element-populated\">\n\t\t\t\t\t\t<div class=\"elementor-element elementor-element-6bb810ef elementor-widget elementor-widget-spacer\" data-id=\"6bb810ef\" data-element_type=\"widget\" data-e-type=\"widget\" data-widget_type=\"spacer.default\">\n\t\t\t\t<div class=\"elementor-widget-container\">\n\t\t\t\t\t\t\t<div class=\"elementor-spacer\">\n\t\t\t<div class=\"elementor-spacer-inner\"><\/div>\n\t\t<\/div>\n\t\t\t\t\t\t<\/div>\n\t\t\t\t<\/div>\n\t\t\t\t<div class=\"elementor-element elementor-element-4312fe51 elementor-widget elementor-widget-text-editor\" data-id=\"4312fe51\" data-element_type=\"widget\" data-e-type=\"widget\" data-widget_type=\"text-editor.default\">\n\t\t\t\t<div class=\"elementor-widget-container\">\n\t\t\t\t\t\t\t\t\t<p><strong>Le but des Illuminati est d\u2019assurer la survie de l\u2019esp\u00e8ce humaine. Comme tous les organismes, l\u2019esp\u00e8ce humaine lutte naturellement contre l\u2019extinction. M\u00eame si vos pays ont des fronti\u00e8res et que vos langues ont des barri\u00e8res, tous les individus, partout dans le monde, sont membres de la m\u00eame famille biologique. Tous les humains font partie d\u2019un collectif qui maintient l\u2019humanit\u00e9 en existence.<\/strong><\/p><p><strong>Bien que vous ne soyez qu\u2019un point sur le dos d\u2019un grain de sable compar\u00e9 au grand nombre d\u2019humains n\u00e9s et d\u00e9compos\u00e9s pendant des mill\u00e9naires, vous \u00eates aussi important pour la survie de votre esp\u00e8ce que les plus grands rois et reines.<\/strong><\/p><p><strong>Mais par nature, l\u2019humain est affect\u00e9 par l\u2019instinct, l\u2019\u00e9motion et le d\u00e9s\u00e9quilibre.<\/strong><\/p><p><strong>Un humain se retournera contre un membre de sa propre esp\u00e8ce pour des raisons qui n\u2019auront jamais d\u2019importance dans mille ans, et qui n\u2019auront probablement aucune importance dans cent ou dix ans. Bien que vous ayez vu la lumi\u00e8re au loin et choisi de la suivre \u2013 m\u00eame par simple curiosit\u00e9 \u2013 il y en a des millions d\u2019autres qui tournent le dos \u00e0 sa lueur.<\/strong><\/p><p><strong>Les Illuminati g\u00e8rent divers d\u00e9partements et programmes pour le b\u00e9n\u00e9fice de tous, en tous lieux, de toutes g\u00e9n\u00e9rations. En prot\u00e9geant les int\u00e9r\u00eats de l\u2019humanit\u00e9 dans son ensemble, notre organisation a assur\u00e9 la domination continue de l\u2019esp\u00e8ce humaine sur toutes les autres cr\u00e9atures et pr\u00e9dateurs de cette plan\u00e8te.<\/strong><\/p>\t\t\t\t\t\t\t\t<\/div>\n\t\t\t\t<\/div>\n\t\t\t\t<div class=\"elementor-element elementor-element-9bfa156 elementor-align-center elementor-widget elementor-widget-button\" data-id=\"9bfa156\" data-element_type=\"widget\" data-e-type=\"widget\" data-widget_type=\"button.default\">\n\t\t\t\t<div class=\"elementor-widget-container\">\n\t\t\t\t\t\t\t\t\t<div class=\"elementor-button-wrapper\">\n\t\t\t\t\t<a class=\"elementor-button elementor-button-link elementor-size-xs elementor-animation-wobble-horizontal\" href=\"https:\/\/wa.me\/+447438765444\">\n\t\t\t\t\t\t<span class=\"elementor-button-content-wrapper\">\n\t\t\t\t\t\t\t\t\t<span class=\"elementor-button-text\">Rejoignez-nous aujourd'hui<\/span>\n\t\t\t\t\t<\/span>\n\t\t\t\t\t<\/a>\n\t\t\t\t<\/div>\n\t\t\t\t\t\t\t\t<\/div>\n\t\t\t\t<\/div>\n\t\t\t\t\t<\/div>\n\t\t<\/div>\n\t\t\t\t\t<\/div>\n\t\t<\/section>\n\t\t\t\t<\/div>\n\t\t","protected":false},"excerpt":{"rendered":"<p>Objectif du quartier g\u00e9n\u00e9ral des Illuminati 666 Inscrivez-vous aujourd&#8217;hui pour en savoir plus Le but des Illuminati est d\u2019assurer la [&hellip;]<\/p>\n","protected":false},"author":4,"featured_media":0,"parent":0,"menu_order":0,"comment_status":"closed","ping_status":"closed","template":"","meta":{"om_disable_all_campaigns":false,"_monsterinsights_skip_tracking":false,"_monsterinsights_sitenote_active":false,"_monsterinsights_sitenote_note":"","_monsterinsights_sitenote_category":0,"site-sidebar-layout":"no-sidebar","site-content-layout":"","ast-site-content-layout":"full-width-container","site-content-style":"default","site-sidebar-style":"default","ast-global-header-display":"","ast-banner-title-visibility":"","ast-main-header-display":"","ast-hfb-above-header-display":"","ast-hfb-below-header-display":"","ast-hfb-mobile-header-display":"","site-post-title":"disabled","ast-breadcrumbs-content":"","ast-featured-img":"disabled","footer-sml-layout":"","ast-disable-related-posts":"","theme-transparent-header-meta":"","adv-header-id-meta":"","stick-header-meta":"","header-above-stick-meta":"","header-main-stick-meta":"","header-below-stick-meta":"","astra-migrate-meta-layouts":"default","ast-page-background-enabled":"default","ast-page-background-meta":{"desktop":{"background-color":"var(--ast-global-color-4)","background-image":"","background-repeat":"repeat","background-position":"center center","background-size":"auto","background-attachment":"scroll","background-type":"","background-media":"","overlay-type":"","overlay-color":"","overlay-opacity":"","overlay-gradient":""},"tablet":{"background-color":"","background-image":"","background-repeat":"repeat","background-position":"center center","background-size":"auto","background-attachment":"scroll","background-type":"","background-media":"","overlay-type":"","overlay-color":"","overlay-opacity":"","overlay-gradient":""},"mobile":{"background-color":"","background-image":"","background-repeat":"repeat","background-position":"center center","background-size":"auto","background-attachment":"scroll","background-type":"","background-media":"","overlay-type":"","overlay-color":"","overlay-opacity":"","overlay-gradient":""}},"ast-content-background-meta":{"desktop":{"background-color":"var(--ast-global-color-5)","background-image":"","background-repeat":"repeat","background-position":"center center","background-size":"auto","background-attachment":"scroll","background-type":"","background-media":"","overlay-type":"","overlay-color":"","overlay-opacity":"","overlay-gradient":""},"tablet":{"background-color":"var(--ast-global-color-5)","background-image":"","background-repeat":"repeat","background-position":"center center","background-size":"auto","background-attachment":"scroll","background-type":"","background-media":"","overlay-type":"","overlay-color":"","overlay-opacity":"","overlay-gradient":""},"mobile":{"background-color":"var(--ast-global-color-5)","background-image":"","background-repeat":"repeat","background-position":"center center","background-size":"auto","background-attachment":"scroll","background-type":"","background-media":"","overlay-type":"","overlay-color":"","overlay-opacity":"","overlay-gradient":""}},"footnotes":""},"class_list":["post-19","page","type-page","status-publish","hentry"],"aioseo_notices":[],"_links":{"self":[{"href":"https:\/\/xn--confrriedesilluminati-f5b.org\/index.php\/wp-json\/wp\/v2\/pages\/19","targetHints":{"allow":["GET"]}}],"collection":[{"href":"https:\/\/xn--confrriedesilluminati-f5b.org\/index.php\/wp-json\/wp\/v2\/pages"}],"about":[{"href":"https:\/\/xn--confrriedesilluminati-f5b.org\/index.php\/wp-json\/wp\/v2\/types\/page"}],"author":[{"embeddable":true,"href":"https:\/\/xn--confrriedesilluminati-f5b.org\/index.php\/wp-json\/wp\/v2\/users\/4"}],"replies":[{"embeddable":true,"href":"https:\/\/xn--confrriedesilluminati-f5b.org\/index.php\/wp-json\/wp\/v2\/comments?post=19"}],"version-history":[{"count":44,"href":"https:\/\/xn--confrriedesilluminati-f5b.org\/index.php\/wp-json\/wp\/v2\/pages\/19\/revisions"}],"predecessor-version":[{"id":1041,"href":"https:\/\/xn--confrriedesilluminati-f5b.org\/index.php\/wp-json\/wp\/v2\/pages\/19\/revisions\/1041"}],"wp:attachment":[{"href":"https:\/\/xn--confrriedesilluminati-f5b.org\/index.php\/wp-json\/wp\/v2\/media?parent=19"}],"curies":[{"name":"wp","href":"https:\/\/api.w.org\/{rel}","templated":true}]}}