{"id":21,"date":"2024-02-24T15:34:13","date_gmt":"2024-02-24T15:34:13","guid":{"rendered":"https:\/\/illuminati-headquarters.org\/?page_id=21"},"modified":"2025-07-21T23:07:23","modified_gmt":"2025-07-21T23:07:23","slug":"symboles","status":"publish","type":"page","link":"https:\/\/xn--confrriedesilluminati-f5b.org\/index.php\/symboles\/","title":{"rendered":"SYMBOLES"},"content":{"rendered":"\t\t<div data-elementor-type=\"wp-page\" data-elementor-id=\"21\" class=\"elementor elementor-21\" data-elementor-post-type=\"page\">\n\t\t\t\t<div class=\"elementor-element elementor-element-4f8cd155 e-flex e-con-boxed e-con e-parent\" data-id=\"4f8cd155\" data-element_type=\"container\" data-e-type=\"container\" data-settings=\"{&quot;background_background&quot;:&quot;classic&quot;}\">\n\t\t\t\t\t<div class=\"e-con-inner\">\n\t\t\t\t<div class=\"elementor-element elementor-element-73bbd9f4 elementor-widget elementor-widget-text-editor\" data-id=\"73bbd9f4\" data-element_type=\"widget\" data-e-type=\"widget\" data-widget_type=\"text-editor.default\">\n\t\t\t\t<div class=\"elementor-widget-container\">\n\t\t\t\t\t\t\t\t\t<p><strong>Le c\u0153ur qui r\u00e9siste aux nuits froides se pr\u00e9lasse dans la chaleur du soleil levant&#8221;.<\/strong><\/p>\t\t\t\t\t\t\t\t<\/div>\n\t\t\t\t<\/div>\n\t\t\t\t<div class=\"elementor-element elementor-element-69c6d1bd elementor-widget elementor-widget-heading\" data-id=\"69c6d1bd\" data-element_type=\"widget\" data-e-type=\"widget\" data-widget_type=\"heading.default\">\n\t\t\t\t<div class=\"elementor-widget-container\">\n\t\t\t\t\t<h1 class=\"elementor-heading-title elementor-size-default\">Symboles Illuminati : R\u00e9v\u00e9ler les secrets de la soci\u00e9t\u00e9 secr\u00e8te<\/h1>\t\t\t\t<\/div>\n\t\t\t\t<\/div>\n\t\t\t\t<div class=\"elementor-element elementor-element-3a692753 elementor-widget elementor-widget-text-editor\" data-id=\"3a692753\" data-element_type=\"widget\" data-e-type=\"widget\" data-widget_type=\"text-editor.default\">\n\t\t\t\t<div class=\"elementor-widget-container\">\n\t\t\t\t\t\t\t\t\t<p>Les pi\u00e8ces faiblement \u00e9clair\u00e9es, les conversations chuchot\u00e9es et les poign\u00e9es de main secr\u00e8tes sont g\u00e9n\u00e9ralement associ\u00e9es \u00e0 la soci\u00e9t\u00e9 secr\u00e8te Illuminati. Mais il y a un aspect qui se d\u00e9marque de tous les autres : les symboles Illuminati et leur signification.<\/p><p>Les symboles Illuminati occupent une place importante dans la soci\u00e9t\u00e9, car ils illustrent leurs croyances, leurs objectifs et leur pouvoir. Dans cet article, nous examinons l\u2019interpr\u00e9tation de ces symboles, en nous plongeant dans le monde des Illuminati.<\/p>\t\t\t\t\t\t\t\t<\/div>\n\t\t\t\t<\/div>\n\t\t\t\t<div class=\"elementor-element elementor-element-bb36b8e elementor-align-center elementor-widget elementor-widget-button\" data-id=\"bb36b8e\" data-element_type=\"widget\" data-e-type=\"widget\" data-widget_type=\"button.default\">\n\t\t\t\t<div class=\"elementor-widget-container\">\n\t\t\t\t\t\t\t\t\t<div class=\"elementor-button-wrapper\">\n\t\t\t\t\t<a class=\"elementor-button elementor-button-link elementor-size-xs elementor-animation-wobble-horizontal\" href=\"https:\/\/wa.me\/+447411968907\">\n\t\t\t\t\t\t<span class=\"elementor-button-content-wrapper\">\n\t\t\t\t\t\t\t\t\t<span class=\"elementor-button-text\">Rejoignez-nous aujourd'hui<\/span>\n\t\t\t\t\t<\/span>\n\t\t\t\t\t<\/a>\n\t\t\t\t<\/div>\n\t\t\t\t\t\t\t\t<\/div>\n\t\t\t\t<\/div>\n\t\t\t\t\t<\/div>\n\t\t\t\t<\/div>\n\t\t\t\t<section class=\"elementor-section elementor-top-section elementor-element elementor-element-78ae5348 elementor-section-boxed elementor-section-height-default elementor-section-height-default\" data-id=\"78ae5348\" data-element_type=\"section\" data-e-type=\"section\" data-settings=\"{&quot;background_background&quot;:&quot;classic&quot;}\">\n\t\t\t\t\t\t\t<div class=\"elementor-background-overlay\"><\/div>\n\t\t\t\t\t\t\t<div class=\"elementor-container elementor-column-gap-default\">\n\t\t\t\t\t<div class=\"elementor-column elementor-col-33 elementor-top-column elementor-element elementor-element-29533700\" data-id=\"29533700\" data-element_type=\"column\" data-e-type=\"column\">\n\t\t\t<div class=\"elementor-widget-wrap elementor-element-populated\">\n\t\t\t\t\t\t<div class=\"elementor-element elementor-element-2b3b54eb elementor-widget elementor-widget-spacer\" data-id=\"2b3b54eb\" data-element_type=\"widget\" data-e-type=\"widget\" data-widget_type=\"spacer.default\">\n\t\t\t\t<div class=\"elementor-widget-container\">\n\t\t\t\t\t\t\t<div class=\"elementor-spacer\">\n\t\t\t<div class=\"elementor-spacer-inner\"><\/div>\n\t\t<\/div>\n\t\t\t\t\t\t<\/div>\n\t\t\t\t<\/div>\n\t\t\t\t<div class=\"elementor-element elementor-element-16d0e661 elementor-widget elementor-widget-image\" data-id=\"16d0e661\" data-element_type=\"widget\" data-e-type=\"widget\" data-widget_type=\"image.default\">\n\t\t\t\t<div class=\"elementor-widget-container\">\n\t\t\t\t\t\t\t\t\t\t\t\t\t\t\t<img fetchpriority=\"high\" decoding=\"async\" width=\"500\" height=\"500\" src=\"https:\/\/xn--confrriedesilluminati-f5b.org\/wp-content\/uploads\/2024\/02\/symbols-illuminati-buttons-the-light-color.png\" class=\"attachment-large size-large wp-image-384\" alt=\"\" srcset=\"https:\/\/xn--confrriedesilluminati-f5b.org\/wp-content\/uploads\/2024\/02\/symbols-illuminati-buttons-the-light-color.png 500w, https:\/\/xn--confrriedesilluminati-f5b.org\/wp-content\/uploads\/2024\/02\/symbols-illuminati-buttons-the-light-color-300x300.png 300w, https:\/\/xn--confrriedesilluminati-f5b.org\/wp-content\/uploads\/2024\/02\/symbols-illuminati-buttons-the-light-color-150x150.png 150w\" sizes=\"(max-width: 500px) 100vw, 500px\" \/>\t\t\t\t\t\t\t\t\t\t\t\t\t\t\t<\/div>\n\t\t\t\t<\/div>\n\t\t\t\t<div class=\"elementor-element elementor-element-1b44f0c4 elementor-widget elementor-widget-image\" data-id=\"1b44f0c4\" data-element_type=\"widget\" data-e-type=\"widget\" data-widget_type=\"image.default\">\n\t\t\t\t<div class=\"elementor-widget-container\">\n\t\t\t\t\t\t\t\t\t\t\t\t\t\t\t<img decoding=\"async\" width=\"500\" height=\"500\" src=\"https:\/\/xn--confrriedesilluminati-f5b.org\/wp-content\/uploads\/2024\/02\/symbols-illuminati-buttons-pendulum-color.png\" class=\"attachment-large size-large wp-image-385\" alt=\"\" srcset=\"https:\/\/xn--confrriedesilluminati-f5b.org\/wp-content\/uploads\/2024\/02\/symbols-illuminati-buttons-pendulum-color.png 500w, https:\/\/xn--confrriedesilluminati-f5b.org\/wp-content\/uploads\/2024\/02\/symbols-illuminati-buttons-pendulum-color-300x300.png 300w, https:\/\/xn--confrriedesilluminati-f5b.org\/wp-content\/uploads\/2024\/02\/symbols-illuminati-buttons-pendulum-color-150x150.png 150w\" sizes=\"(max-width: 500px) 100vw, 500px\" \/>\t\t\t\t\t\t\t\t\t\t\t\t\t\t\t<\/div>\n\t\t\t\t<\/div>\n\t\t\t\t<div class=\"elementor-element elementor-element-40008fcb elementor-widget elementor-widget-image\" data-id=\"40008fcb\" data-element_type=\"widget\" data-e-type=\"widget\" data-widget_type=\"image.default\">\n\t\t\t\t<div class=\"elementor-widget-container\">\n\t\t\t\t\t\t\t\t\t\t\t\t\t\t\t<img decoding=\"async\" width=\"500\" height=\"500\" src=\"https:\/\/xn--confrriedesilluminati-f5b.org\/wp-content\/uploads\/2024\/02\/symbols-illuminati-buttons-eye-color.png\" class=\"attachment-large size-large wp-image-386\" alt=\"\" srcset=\"https:\/\/xn--confrriedesilluminati-f5b.org\/wp-content\/uploads\/2024\/02\/symbols-illuminati-buttons-eye-color.png 500w, https:\/\/xn--confrriedesilluminati-f5b.org\/wp-content\/uploads\/2024\/02\/symbols-illuminati-buttons-eye-color-300x300.png 300w, https:\/\/xn--confrriedesilluminati-f5b.org\/wp-content\/uploads\/2024\/02\/symbols-illuminati-buttons-eye-color-150x150.png 150w\" sizes=\"(max-width: 500px) 100vw, 500px\" \/>\t\t\t\t\t\t\t\t\t\t\t\t\t\t\t<\/div>\n\t\t\t\t<\/div>\n\t\t\t\t<div class=\"elementor-element elementor-element-bd5214f elementor-widget elementor-widget-image\" data-id=\"bd5214f\" data-element_type=\"widget\" data-e-type=\"widget\" data-widget_type=\"image.default\">\n\t\t\t\t<div class=\"elementor-widget-container\">\n\t\t\t\t\t\t\t\t\t\t\t\t\t\t\t<img loading=\"lazy\" decoding=\"async\" width=\"500\" height=\"500\" src=\"https:\/\/xn--confrriedesilluminati-f5b.org\/wp-content\/uploads\/2024\/02\/symbols-illuminati-buttons-rhodium-moon-color.png\" class=\"attachment-large size-large wp-image-387\" alt=\"\" srcset=\"https:\/\/xn--confrriedesilluminati-f5b.org\/wp-content\/uploads\/2024\/02\/symbols-illuminati-buttons-rhodium-moon-color.png 500w, https:\/\/xn--confrriedesilluminati-f5b.org\/wp-content\/uploads\/2024\/02\/symbols-illuminati-buttons-rhodium-moon-color-300x300.png 300w, https:\/\/xn--confrriedesilluminati-f5b.org\/wp-content\/uploads\/2024\/02\/symbols-illuminati-buttons-rhodium-moon-color-150x150.png 150w\" sizes=\"(max-width: 500px) 100vw, 500px\" \/>\t\t\t\t\t\t\t\t\t\t\t\t\t\t\t<\/div>\n\t\t\t\t<\/div>\n\t\t\t\t<div class=\"elementor-element elementor-element-3e4a8caa elementor-widget elementor-widget-spacer\" data-id=\"3e4a8caa\" data-element_type=\"widget\" data-e-type=\"widget\" data-widget_type=\"spacer.default\">\n\t\t\t\t<div class=\"elementor-widget-container\">\n\t\t\t\t\t\t\t<div class=\"elementor-spacer\">\n\t\t\t<div class=\"elementor-spacer-inner\"><\/div>\n\t\t<\/div>\n\t\t\t\t\t\t<\/div>\n\t\t\t\t<\/div>\n\t\t\t\t\t<\/div>\n\t\t<\/div>\n\t\t\t\t<div class=\"elementor-column elementor-col-33 elementor-top-column elementor-element elementor-element-f01421a\" data-id=\"f01421a\" data-element_type=\"column\" data-e-type=\"column\">\n\t\t\t<div class=\"elementor-widget-wrap elementor-element-populated\">\n\t\t\t\t\t\t<div class=\"elementor-element elementor-element-47f49b6e elementor-widget elementor-widget-spacer\" data-id=\"47f49b6e\" data-element_type=\"widget\" data-e-type=\"widget\" data-widget_type=\"spacer.default\">\n\t\t\t\t<div class=\"elementor-widget-container\">\n\t\t\t\t\t\t\t<div class=\"elementor-spacer\">\n\t\t\t<div class=\"elementor-spacer-inner\"><\/div>\n\t\t<\/div>\n\t\t\t\t\t\t<\/div>\n\t\t\t\t<\/div>\n\t\t\t\t<div class=\"elementor-element elementor-element-3df197c9 elementor-widget elementor-widget-image\" data-id=\"3df197c9\" data-element_type=\"widget\" data-e-type=\"widget\" data-widget_type=\"image.default\">\n\t\t\t\t<div class=\"elementor-widget-container\">\n\t\t\t\t\t\t\t\t\t\t\t\t\t\t\t<img loading=\"lazy\" decoding=\"async\" width=\"500\" height=\"500\" src=\"https:\/\/xn--confrriedesilluminati-f5b.org\/wp-content\/uploads\/2024\/02\/symbols-illuminati-buttons-owl-color.png\" class=\"attachment-large size-large wp-image-388\" alt=\"\" srcset=\"https:\/\/xn--confrriedesilluminati-f5b.org\/wp-content\/uploads\/2024\/02\/symbols-illuminati-buttons-owl-color.png 500w, https:\/\/xn--confrriedesilluminati-f5b.org\/wp-content\/uploads\/2024\/02\/symbols-illuminati-buttons-owl-color-300x300.png 300w, https:\/\/xn--confrriedesilluminati-f5b.org\/wp-content\/uploads\/2024\/02\/symbols-illuminati-buttons-owl-color-150x150.png 150w\" sizes=\"(max-width: 500px) 100vw, 500px\" \/>\t\t\t\t\t\t\t\t\t\t\t\t\t\t\t<\/div>\n\t\t\t\t<\/div>\n\t\t\t\t<div class=\"elementor-element elementor-element-12df1281 elementor-widget elementor-widget-image\" data-id=\"12df1281\" data-element_type=\"widget\" data-e-type=\"widget\" data-widget_type=\"image.default\">\n\t\t\t\t<div class=\"elementor-widget-container\">\n\t\t\t\t\t\t\t\t\t\t\t\t\t\t\t<img loading=\"lazy\" decoding=\"async\" width=\"500\" height=\"500\" src=\"https:\/\/xn--confrriedesilluminati-f5b.org\/wp-content\/uploads\/2024\/02\/symbols-illuminati-buttons-snake-ouroboros-infinity-color.png\" class=\"attachment-large size-large wp-image-389\" alt=\"\" srcset=\"https:\/\/xn--confrriedesilluminati-f5b.org\/wp-content\/uploads\/2024\/02\/symbols-illuminati-buttons-snake-ouroboros-infinity-color.png 500w, https:\/\/xn--confrriedesilluminati-f5b.org\/wp-content\/uploads\/2024\/02\/symbols-illuminati-buttons-snake-ouroboros-infinity-color-300x300.png 300w, https:\/\/xn--confrriedesilluminati-f5b.org\/wp-content\/uploads\/2024\/02\/symbols-illuminati-buttons-snake-ouroboros-infinity-color-150x150.png 150w\" sizes=\"(max-width: 500px) 100vw, 500px\" \/>\t\t\t\t\t\t\t\t\t\t\t\t\t\t\t<\/div>\n\t\t\t\t<\/div>\n\t\t\t\t<div class=\"elementor-element elementor-element-105f7aee elementor-widget elementor-widget-image\" data-id=\"105f7aee\" data-element_type=\"widget\" data-e-type=\"widget\" data-widget_type=\"image.default\">\n\t\t\t\t<div class=\"elementor-widget-container\">\n\t\t\t\t\t\t\t\t\t\t\t\t<figure class=\"wp-caption\">\n\t\t\t\t\t\t\t\t\t\t<img loading=\"lazy\" decoding=\"async\" width=\"500\" height=\"500\" src=\"https:\/\/xn--confrriedesilluminati-f5b.org\/wp-content\/uploads\/2024\/02\/symbols-illuminati-buttons-eternal-circle-color.png\" class=\"attachment-large size-large wp-image-390\" alt=\"\" srcset=\"https:\/\/xn--confrriedesilluminati-f5b.org\/wp-content\/uploads\/2024\/02\/symbols-illuminati-buttons-eternal-circle-color.png 500w, https:\/\/xn--confrriedesilluminati-f5b.org\/wp-content\/uploads\/2024\/02\/symbols-illuminati-buttons-eternal-circle-color-300x300.png 300w, https:\/\/xn--confrriedesilluminati-f5b.org\/wp-content\/uploads\/2024\/02\/symbols-illuminati-buttons-eternal-circle-color-150x150.png 150w\" sizes=\"(max-width: 500px) 100vw, 500px\" \/>\t\t\t\t\t\t\t\t\t\t\t<figcaption class=\"widget-image-caption wp-caption-text\"><\/figcaption>\n\t\t\t\t\t\t\t\t\t\t<\/figure>\n\t\t\t\t\t\t\t\t\t<\/div>\n\t\t\t\t<\/div>\n\t\t\t\t<div class=\"elementor-element elementor-element-35b0cce0 elementor-widget elementor-widget-image\" data-id=\"35b0cce0\" data-element_type=\"widget\" data-e-type=\"widget\" data-widget_type=\"image.default\">\n\t\t\t\t<div class=\"elementor-widget-container\">\n\t\t\t\t\t\t\t\t\t\t\t\t\t\t\t<img loading=\"lazy\" decoding=\"async\" width=\"500\" height=\"500\" src=\"https:\/\/xn--confrriedesilluminati-f5b.org\/wp-content\/uploads\/2024\/02\/symbols-illuminati-buttons-copper-earth-color.png\" class=\"attachment-large size-large wp-image-391\" alt=\"\" srcset=\"https:\/\/xn--confrriedesilluminati-f5b.org\/wp-content\/uploads\/2024\/02\/symbols-illuminati-buttons-copper-earth-color.png 500w, https:\/\/xn--confrriedesilluminati-f5b.org\/wp-content\/uploads\/2024\/02\/symbols-illuminati-buttons-copper-earth-color-300x300.png 300w, https:\/\/xn--confrriedesilluminati-f5b.org\/wp-content\/uploads\/2024\/02\/symbols-illuminati-buttons-copper-earth-color-150x150.png 150w\" sizes=\"(max-width: 500px) 100vw, 500px\" \/>\t\t\t\t\t\t\t\t\t\t\t\t\t\t\t<\/div>\n\t\t\t\t<\/div>\n\t\t\t\t<div class=\"elementor-element elementor-element-736caf elementor-widget elementor-widget-spacer\" data-id=\"736caf\" data-element_type=\"widget\" data-e-type=\"widget\" data-widget_type=\"spacer.default\">\n\t\t\t\t<div class=\"elementor-widget-container\">\n\t\t\t\t\t\t\t<div class=\"elementor-spacer\">\n\t\t\t<div class=\"elementor-spacer-inner\"><\/div>\n\t\t<\/div>\n\t\t\t\t\t\t<\/div>\n\t\t\t\t<\/div>\n\t\t\t\t\t<\/div>\n\t\t<\/div>\n\t\t\t\t<div class=\"elementor-column elementor-col-33 elementor-top-column elementor-element elementor-element-10b7f118\" data-id=\"10b7f118\" data-element_type=\"column\" data-e-type=\"column\">\n\t\t\t<div class=\"elementor-widget-wrap elementor-element-populated\">\n\t\t\t\t\t\t<div class=\"elementor-element elementor-element-4c9d0cde elementor-widget elementor-widget-spacer\" data-id=\"4c9d0cde\" data-element_type=\"widget\" data-e-type=\"widget\" data-widget_type=\"spacer.default\">\n\t\t\t\t<div class=\"elementor-widget-container\">\n\t\t\t\t\t\t\t<div class=\"elementor-spacer\">\n\t\t\t<div class=\"elementor-spacer-inner\"><\/div>\n\t\t<\/div>\n\t\t\t\t\t\t<\/div>\n\t\t\t\t<\/div>\n\t\t\t\t<div class=\"elementor-element elementor-element-30e1e78e elementor-widget elementor-widget-image\" data-id=\"30e1e78e\" data-element_type=\"widget\" data-e-type=\"widget\" data-widget_type=\"image.default\">\n\t\t\t\t<div class=\"elementor-widget-container\">\n\t\t\t\t\t\t\t\t\t\t\t\t\t\t\t<img loading=\"lazy\" decoding=\"async\" width=\"500\" height=\"500\" src=\"https:\/\/xn--confrriedesilluminati-f5b.org\/wp-content\/uploads\/2024\/02\/symbols-illuminati-buttons-pyramid-color-2.png\" class=\"attachment-large size-large wp-image-392\" alt=\"\" srcset=\"https:\/\/xn--confrriedesilluminati-f5b.org\/wp-content\/uploads\/2024\/02\/symbols-illuminati-buttons-pyramid-color-2.png 500w, https:\/\/xn--confrriedesilluminati-f5b.org\/wp-content\/uploads\/2024\/02\/symbols-illuminati-buttons-pyramid-color-2-300x300.png 300w, https:\/\/xn--confrriedesilluminati-f5b.org\/wp-content\/uploads\/2024\/02\/symbols-illuminati-buttons-pyramid-color-2-150x150.png 150w\" sizes=\"(max-width: 500px) 100vw, 500px\" \/>\t\t\t\t\t\t\t\t\t\t\t\t\t\t\t<\/div>\n\t\t\t\t<\/div>\n\t\t\t\t<div class=\"elementor-element elementor-element-4f9106eb elementor-widget elementor-widget-image\" data-id=\"4f9106eb\" data-element_type=\"widget\" data-e-type=\"widget\" data-widget_type=\"image.default\">\n\t\t\t\t<div class=\"elementor-widget-container\">\n\t\t\t\t\t\t\t\t\t\t\t\t\t\t\t<img loading=\"lazy\" decoding=\"async\" width=\"500\" height=\"500\" src=\"https:\/\/xn--confrriedesilluminati-f5b.org\/wp-content\/uploads\/2024\/02\/symbols-illuminati-buttons-obelisk-color.png\" class=\"attachment-large size-large wp-image-393\" alt=\"\" srcset=\"https:\/\/xn--confrriedesilluminati-f5b.org\/wp-content\/uploads\/2024\/02\/symbols-illuminati-buttons-obelisk-color.png 500w, https:\/\/xn--confrriedesilluminati-f5b.org\/wp-content\/uploads\/2024\/02\/symbols-illuminati-buttons-obelisk-color-300x300.png 300w, https:\/\/xn--confrriedesilluminati-f5b.org\/wp-content\/uploads\/2024\/02\/symbols-illuminati-buttons-obelisk-color-150x150.png 150w\" sizes=\"(max-width: 500px) 100vw, 500px\" \/>\t\t\t\t\t\t\t\t\t\t\t\t\t\t\t<\/div>\n\t\t\t\t<\/div>\n\t\t\t\t<div class=\"elementor-element elementor-element-207aebab elementor-widget elementor-widget-image\" data-id=\"207aebab\" data-element_type=\"widget\" data-e-type=\"widget\" data-widget_type=\"image.default\">\n\t\t\t\t<div class=\"elementor-widget-container\">\n\t\t\t\t\t\t\t\t\t\t\t\t\t\t\t<img loading=\"lazy\" decoding=\"async\" width=\"500\" height=\"500\" src=\"https:\/\/xn--confrriedesilluminati-f5b.org\/wp-content\/uploads\/2024\/02\/symbols-illuminati-buttons-crossed-keys-color-76x76.png\" class=\"attachment-large size-large wp-image-394\" alt=\"\" srcset=\"https:\/\/xn--confrriedesilluminati-f5b.org\/wp-content\/uploads\/2024\/02\/symbols-illuminati-buttons-crossed-keys-color.png 500w, https:\/\/xn--confrriedesilluminati-f5b.org\/wp-content\/uploads\/2024\/02\/symbols-illuminati-buttons-crossed-keys-color-300x300.png 300w, https:\/\/xn--confrriedesilluminati-f5b.org\/wp-content\/uploads\/2024\/02\/symbols-illuminati-buttons-crossed-keys-color-150x150.png 150w, https:\/\/xn--confrriedesilluminati-f5b.org\/wp-content\/uploads\/2024\/02\/symbols-illuminati-buttons-crossed-keys-color-76x76.png 76w\" sizes=\"(max-width: 500px) 100vw, 500px\" \/>\t\t\t\t\t\t\t\t\t\t\t\t\t\t\t<\/div>\n\t\t\t\t<\/div>\n\t\t\t\t<div class=\"elementor-element elementor-element-5fdfe12 elementor-widget elementor-widget-image\" data-id=\"5fdfe12\" data-element_type=\"widget\" data-e-type=\"widget\" data-widget_type=\"image.default\">\n\t\t\t\t<div class=\"elementor-widget-container\">\n\t\t\t\t\t\t\t\t\t\t\t\t\t\t\t<img loading=\"lazy\" decoding=\"async\" width=\"500\" height=\"500\" src=\"https:\/\/xn--confrriedesilluminati-f5b.org\/wp-content\/uploads\/2024\/02\/symbols-illuminati-buttons-gold-sun-color.png\" class=\"attachment-large size-large wp-image-130\" alt=\"\" srcset=\"https:\/\/xn--confrriedesilluminati-f5b.org\/wp-content\/uploads\/2024\/02\/symbols-illuminati-buttons-gold-sun-color.png 500w, https:\/\/xn--confrriedesilluminati-f5b.org\/wp-content\/uploads\/2024\/02\/symbols-illuminati-buttons-gold-sun-color-300x300.png 300w, https:\/\/xn--confrriedesilluminati-f5b.org\/wp-content\/uploads\/2024\/02\/symbols-illuminati-buttons-gold-sun-color-150x150.png 150w\" sizes=\"(max-width: 500px) 100vw, 500px\" \/>\t\t\t\t\t\t\t\t\t\t\t\t\t\t\t<\/div>\n\t\t\t\t<\/div>\n\t\t\t\t<div class=\"elementor-element elementor-element-5c0b8907 elementor-widget elementor-widget-spacer\" data-id=\"5c0b8907\" data-element_type=\"widget\" data-e-type=\"widget\" data-widget_type=\"spacer.default\">\n\t\t\t\t<div class=\"elementor-widget-container\">\n\t\t\t\t\t\t\t<div class=\"elementor-spacer\">\n\t\t\t<div class=\"elementor-spacer-inner\"><\/div>\n\t\t<\/div>\n\t\t\t\t\t\t<\/div>\n\t\t\t\t<\/div>\n\t\t\t\t\t<\/div>\n\t\t<\/div>\n\t\t\t\t\t<\/div>\n\t\t<\/section>\n\t\t\t\t<\/div>\n\t\t","protected":false},"excerpt":{"rendered":"<p>Le c\u0153ur qui r\u00e9siste aux nuits froides se pr\u00e9lasse dans la chaleur du soleil levant&#8221;. Symboles Illuminati : R\u00e9v\u00e9ler les [&hellip;]<\/p>\n","protected":false},"author":4,"featured_media":0,"parent":0,"menu_order":0,"comment_status":"closed","ping_status":"closed","template":"","meta":{"om_disable_all_campaigns":false,"_monsterinsights_skip_tracking":false,"_monsterinsights_sitenote_active":false,"_monsterinsights_sitenote_note":"","_monsterinsights_sitenote_category":0,"site-sidebar-layout":"no-sidebar","site-content-layout":"","ast-site-content-layout":"full-width-container","site-content-style":"default","site-sidebar-style":"default","ast-global-header-display":"","ast-banner-title-visibility":"","ast-main-header-display":"","ast-hfb-above-header-display":"","ast-hfb-below-header-display":"","ast-hfb-mobile-header-display":"","site-post-title":"disabled","ast-breadcrumbs-content":"","ast-featured-img":"disabled","footer-sml-layout":"","ast-disable-related-posts":"","theme-transparent-header-meta":"","adv-header-id-meta":"","stick-header-meta":"","header-above-stick-meta":"","header-main-stick-meta":"","header-below-stick-meta":"","astra-migrate-meta-layouts":"default","ast-page-background-enabled":"default","ast-page-background-meta":{"desktop":{"background-color":"var(--ast-global-color-4)","background-image":"","background-repeat":"repeat","background-position":"center center","background-size":"auto","background-attachment":"scroll","background-type":"","background-media":"","overlay-type":"","overlay-color":"","overlay-opacity":"","overlay-gradient":""},"tablet":{"background-color":"","background-image":"","background-repeat":"repeat","background-position":"center center","background-size":"auto","background-attachment":"scroll","background-type":"","background-media":"","overlay-type":"","overlay-color":"","overlay-opacity":"","overlay-gradient":""},"mobile":{"background-color":"","background-image":"","background-repeat":"repeat","background-position":"center center","background-size":"auto","background-attachment":"scroll","background-type":"","background-media":"","overlay-type":"","overlay-color":"","overlay-opacity":"","overlay-gradient":""}},"ast-content-background-meta":{"desktop":{"background-color":"var(--ast-global-color-5)","background-image":"","background-repeat":"repeat","background-position":"center center","background-size":"auto","background-attachment":"scroll","background-type":"","background-media":"","overlay-type":"","overlay-color":"","overlay-opacity":"","overlay-gradient":""},"tablet":{"background-color":"var(--ast-global-color-5)","background-image":"","background-repeat":"repeat","background-position":"center center","background-size":"auto","background-attachment":"scroll","background-type":"","background-media":"","overlay-type":"","overlay-color":"","overlay-opacity":"","overlay-gradient":""},"mobile":{"background-color":"var(--ast-global-color-5)","background-image":"","background-repeat":"repeat","background-position":"center center","background-size":"auto","background-attachment":"scroll","background-type":"","background-media":"","overlay-type":"","overlay-color":"","overlay-opacity":"","overlay-gradient":""}},"footnotes":""},"class_list":["post-21","page","type-page","status-publish","hentry"],"aioseo_notices":[],"_links":{"self":[{"href":"https:\/\/xn--confrriedesilluminati-f5b.org\/index.php\/wp-json\/wp\/v2\/pages\/21","targetHints":{"allow":["GET"]}}],"collection":[{"href":"https:\/\/xn--confrriedesilluminati-f5b.org\/index.php\/wp-json\/wp\/v2\/pages"}],"about":[{"href":"https:\/\/xn--confrriedesilluminati-f5b.org\/index.php\/wp-json\/wp\/v2\/types\/page"}],"author":[{"embeddable":true,"href":"https:\/\/xn--confrriedesilluminati-f5b.org\/index.php\/wp-json\/wp\/v2\/users\/4"}],"replies":[{"embeddable":true,"href":"https:\/\/xn--confrriedesilluminati-f5b.org\/index.php\/wp-json\/wp\/v2\/comments?post=21"}],"version-history":[{"count":32,"href":"https:\/\/xn--confrriedesilluminati-f5b.org\/index.php\/wp-json\/wp\/v2\/pages\/21\/revisions"}],"predecessor-version":[{"id":992,"href":"https:\/\/xn--confrriedesilluminati-f5b.org\/index.php\/wp-json\/wp\/v2\/pages\/21\/revisions\/992"}],"wp:attachment":[{"href":"https:\/\/xn--confrriedesilluminati-f5b.org\/index.php\/wp-json\/wp\/v2\/media?parent=21"}],"curies":[{"name":"wp","href":"https:\/\/api.w.org\/{rel}","templated":true}]}}